{"id":2231,"date":"2022-08-18T03:03:03","date_gmt":"2022-08-18T01:03:03","guid":{"rendered":"https:\/\/socialmonk.net\/pie-de-imprenta\/"},"modified":"2023-06-17T03:28:35","modified_gmt":"2023-06-17T01:28:35","slug":"aviso-legal","status":"publish","type":"page","link":"https:\/\/socialmonk.net\/es\/aviso-legal\/","title":{"rendered":"Aviso legal"},"content":{"rendered":"\t\t<div data-elementor-type=\"wp-page\" data-elementor-id=\"2231\" class=\"elementor elementor-2231 elementor-1678\" data-elementor-post-type=\"page\">\n\t\t\t\t\t\t<section class=\"elementor-section elementor-top-section elementor-element elementor-element-87e5911 elementor-section-boxed elementor-section-height-default elementor-section-height-default\" data-id=\"87e5911\" data-element_type=\"section\">\n\t\t\t\t\t\t<div class=\"elementor-container elementor-column-gap-default\">\n\t\t\t\t\t<div class=\"elementor-column elementor-col-100 elementor-top-column elementor-element elementor-element-4f36036\" data-id=\"4f36036\" data-element_type=\"column\">\n\t\t\t<div class=\"elementor-widget-wrap elementor-element-populated\">\n\t\t\t\t\t\t<div class=\"elementor-element elementor-element-e4379a9 elementor-widget elementor-widget-html\" data-id=\"e4379a9\" data-element_type=\"widget\" data-widget_type=\"html.default\">\n\t\t\t\t<div class=\"elementor-widget-container\">\n\t\t\t<!-- REFERSION TRACKING: BEGIN --> \n<script src=\"\/\/socialmonk.refersion.com\/tracker\/v3\/pub_35035391f7697172acf3.js\"><\/script>\n<script>_refersion(function(){ _rfsn._setSource(\"CHARGEBEE\"); });<\/script>\n<!-- REFERSION TRACKING: END --> \t\t<\/div>\n\t\t\t\t<\/div>\n\t\t\t\t\t<\/div>\n\t\t<\/div>\n\t\t\t\t\t<\/div>\n\t\t<\/section>\n\t\t\t\t<section class=\"elementor-section elementor-top-section elementor-element elementor-element-bbae6c7 elementor-section-boxed elementor-section-height-default elementor-section-height-default\" data-id=\"bbae6c7\" data-element_type=\"section\">\n\t\t\t\t\t\t<div class=\"elementor-container elementor-column-gap-default\">\n\t\t\t\t\t<div class=\"elementor-column elementor-col-100 elementor-top-column elementor-element elementor-element-6701715\" data-id=\"6701715\" data-element_type=\"column\">\n\t\t\t<div class=\"elementor-widget-wrap elementor-element-populated\">\n\t\t\t\t\t\t<div class=\"elementor-element elementor-element-cc2aae2 elementor-widget elementor-widget-heading\" data-id=\"cc2aae2\" data-element_type=\"widget\" data-widget_type=\"heading.default\">\n\t\t\t\t<div class=\"elementor-widget-container\">\n\t\t\t<h1 class=\"elementor-heading-title elementor-size-default\">Aviso legal<\/h1>\t\t<\/div>\n\t\t\t\t<\/div>\n\t\t\t\t\t<\/div>\n\t\t<\/div>\n\t\t\t\t\t<\/div>\n\t\t<\/section>\n\t\t\t\t<section class=\"elementor-section elementor-top-section elementor-element elementor-element-6a1cf6d elementor-section-boxed elementor-section-height-default elementor-section-height-default\" data-id=\"6a1cf6d\" data-element_type=\"section\">\n\t\t\t\t\t\t<div class=\"elementor-container elementor-column-gap-default\">\n\t\t\t\t\t<div class=\"elementor-column elementor-col-100 elementor-top-column elementor-element elementor-element-b2ebb06\" data-id=\"b2ebb06\" data-element_type=\"column\">\n\t\t\t<div class=\"elementor-widget-wrap elementor-element-populated\">\n\t\t\t\t\t\t<div class=\"elementor-element elementor-element-7730c1b elementor-widget elementor-widget-text-editor\" data-id=\"7730c1b\" data-element_type=\"widget\" data-widget_type=\"text-editor.default\">\n\t\t\t\t<div class=\"elementor-widget-container\">\n\t\t\t\t\t\t\t<p>Majuma GmbH<br \/>Schatzbogen 33<br \/>81829 M\u00fanich, Alemania<\/p><p>Direcci\u00f3n: Marco Enzmann, Manuel Facchin, Julian Facchin<\/p><p>Correo electr\u00f3nico: info@majuma.net<\/p><p>Tribunal de registro: Tribunal local de M\u00fanich<br \/>N\u00famero de registro: HRB 255618<\/p><p>N\u00famero de identificaci\u00f3n fiscal: DE330921557<\/p>\t\t\t\t\t\t<\/div>\n\t\t\t\t<\/div>\n\t\t\t\t\t<\/div>\n\t\t<\/div>\n\t\t\t\t\t<\/div>\n\t\t<\/section>\n\t\t\t\t<\/div>\n\t\t","protected":false},"excerpt":{"rendered":"<p>Aviso legal Majuma GmbHSchatzbogen 3381829 M\u00fanich, Alemania Direcci\u00f3n: Marco Enzmann, Manuel Facchin, Julian Facchin Correo electr\u00f3nico: info@majuma.net Tribunal de registro: Tribunal local de M\u00fanichN\u00famero de registro: HRB 255618 N\u00famero de identificaci\u00f3n fiscal: DE330921557<\/p>\n","protected":false},"author":1,"featured_media":0,"parent":0,"menu_order":0,"comment_status":"closed","ping_status":"closed","template":"","meta":{"rank_math_lock_modified_date":false,"footnotes":""},"class_list":["post-2231","page","type-page","status-publish","hentry"],"_links":{"self":[{"href":"https:\/\/socialmonk.net\/es\/wp-json\/wp\/v2\/pages\/2231","targetHints":{"allow":["GET"]}}],"collection":[{"href":"https:\/\/socialmonk.net\/es\/wp-json\/wp\/v2\/pages"}],"about":[{"href":"https:\/\/socialmonk.net\/es\/wp-json\/wp\/v2\/types\/page"}],"author":[{"embeddable":true,"href":"https:\/\/socialmonk.net\/es\/wp-json\/wp\/v2\/users\/1"}],"replies":[{"embeddable":true,"href":"https:\/\/socialmonk.net\/es\/wp-json\/wp\/v2\/comments?post=2231"}],"version-history":[{"count":4,"href":"https:\/\/socialmonk.net\/es\/wp-json\/wp\/v2\/pages\/2231\/revisions"}],"predecessor-version":[{"id":5084,"href":"https:\/\/socialmonk.net\/es\/wp-json\/wp\/v2\/pages\/2231\/revisions\/5084"}],"wp:attachment":[{"href":"https:\/\/socialmonk.net\/es\/wp-json\/wp\/v2\/media?parent=2231"}],"curies":[{"name":"wp","href":"https:\/\/api.w.org\/{rel}","templated":true}]}}