{"id":2240,"date":"2022-08-18T03:03:03","date_gmt":"2022-08-18T01:03:03","guid":{"rendered":"https:\/\/socialmonk.net\/mentions-legales\/"},"modified":"2023-06-17T03:24:11","modified_gmt":"2023-06-17T01:24:11","slug":"mentions-legales","status":"publish","type":"page","link":"https:\/\/socialmonk.net\/fr\/mentions-legales\/","title":{"rendered":"Mentions l\u00e9gales"},"content":{"rendered":"\t\t<div data-elementor-type=\"wp-page\" data-elementor-id=\"2240\" class=\"elementor elementor-2240 elementor-1678\" data-elementor-post-type=\"page\">\n\t\t\t\t\t\t<section class=\"elementor-section elementor-top-section elementor-element elementor-element-87e5911 elementor-section-boxed elementor-section-height-default elementor-section-height-default\" data-id=\"87e5911\" data-element_type=\"section\">\n\t\t\t\t\t\t<div class=\"elementor-container elementor-column-gap-default\">\n\t\t\t\t\t<div class=\"elementor-column elementor-col-100 elementor-top-column elementor-element elementor-element-4f36036\" data-id=\"4f36036\" data-element_type=\"column\">\n\t\t\t<div class=\"elementor-widget-wrap elementor-element-populated\">\n\t\t\t\t\t\t<div class=\"elementor-element elementor-element-e4379a9 elementor-widget elementor-widget-html\" data-id=\"e4379a9\" data-element_type=\"widget\" data-widget_type=\"html.default\">\n\t\t\t\t<div class=\"elementor-widget-container\">\n\t\t\t<!-- REFERSION TRACKING: BEGIN --> \n<script src=\"\/\/socialmonk.refersion.com\/tracker\/v3\/pub_35035391f7697172acf3.js\"><\/script>\n<script>_refersion(function(){ _rfsn._setSource(\"CHARGEBEE\"); });<\/script>\n<!-- REFERSION TRACKING: END --> \t\t<\/div>\n\t\t\t\t<\/div>\n\t\t\t\t\t<\/div>\n\t\t<\/div>\n\t\t\t\t\t<\/div>\n\t\t<\/section>\n\t\t\t\t<section class=\"elementor-section elementor-top-section elementor-element elementor-element-bbae6c7 elementor-section-boxed elementor-section-height-default elementor-section-height-default\" data-id=\"bbae6c7\" data-element_type=\"section\">\n\t\t\t\t\t\t<div class=\"elementor-container elementor-column-gap-default\">\n\t\t\t\t\t<div class=\"elementor-column elementor-col-100 elementor-top-column elementor-element elementor-element-6701715\" data-id=\"6701715\" data-element_type=\"column\">\n\t\t\t<div class=\"elementor-widget-wrap elementor-element-populated\">\n\t\t\t\t\t\t<div class=\"elementor-element elementor-element-cc2aae2 elementor-widget elementor-widget-heading\" data-id=\"cc2aae2\" data-element_type=\"widget\" data-widget_type=\"heading.default\">\n\t\t\t\t<div class=\"elementor-widget-container\">\n\t\t\t<h1 class=\"elementor-heading-title elementor-size-default\">Mentions l\u00e9gales<\/h1>\t\t<\/div>\n\t\t\t\t<\/div>\n\t\t\t\t\t<\/div>\n\t\t<\/div>\n\t\t\t\t\t<\/div>\n\t\t<\/section>\n\t\t\t\t<section class=\"elementor-section elementor-top-section elementor-element elementor-element-6a1cf6d elementor-section-boxed elementor-section-height-default elementor-section-height-default\" data-id=\"6a1cf6d\" data-element_type=\"section\">\n\t\t\t\t\t\t<div class=\"elementor-container elementor-column-gap-default\">\n\t\t\t\t\t<div class=\"elementor-column elementor-col-100 elementor-top-column elementor-element elementor-element-b2ebb06\" data-id=\"b2ebb06\" data-element_type=\"column\">\n\t\t\t<div class=\"elementor-widget-wrap elementor-element-populated\">\n\t\t\t\t\t\t<div class=\"elementor-element elementor-element-7730c1b elementor-widget elementor-widget-text-editor\" data-id=\"7730c1b\" data-element_type=\"widget\" data-widget_type=\"text-editor.default\">\n\t\t\t\t<div class=\"elementor-widget-container\">\n\t\t\t\t\t\t\t<p>Majuma GmbH<br \/>Schatzbogen 33<br \/>81829 Munich, Allemagne<\/p><p>Direction : Marco Enzmann, Manuel Facchin, Julian Facchin<\/p><p>Courrier \u00e9lectronique : info@majuma.net<\/p><p>Tribunal d&#8217;enregistrement : Tribunal d&#8217;instance de Munich<br \/>Num\u00e9ro d&#8217;enregistrement : HRB 255618<\/p><p>Num\u00e9ro de TVA intracommunautaire : DE330921557<\/p>\t\t\t\t\t\t<\/div>\n\t\t\t\t<\/div>\n\t\t\t\t\t<\/div>\n\t\t<\/div>\n\t\t\t\t\t<\/div>\n\t\t<\/section>\n\t\t\t\t<\/div>\n\t\t","protected":false},"excerpt":{"rendered":"<p>Mentions l\u00e9gales Majuma GmbHSchatzbogen 3381829 Munich, Allemagne Direction : Marco Enzmann, Manuel Facchin, Julian Facchin Courrier \u00e9lectronique : info@majuma.net Tribunal d&#8217;enregistrement : Tribunal d&#8217;instance de MunichNum\u00e9ro d&#8217;enregistrement : HRB 255618 Num\u00e9ro de TVA intracommunautaire : DE330921557<\/p>\n","protected":false},"author":1,"featured_media":0,"parent":0,"menu_order":0,"comment_status":"closed","ping_status":"closed","template":"","meta":{"rank_math_lock_modified_date":false,"footnotes":""},"class_list":["post-2240","page","type-page","status-publish","hentry"],"_links":{"self":[{"href":"https:\/\/socialmonk.net\/fr\/wp-json\/wp\/v2\/pages\/2240","targetHints":{"allow":["GET"]}}],"collection":[{"href":"https:\/\/socialmonk.net\/fr\/wp-json\/wp\/v2\/pages"}],"about":[{"href":"https:\/\/socialmonk.net\/fr\/wp-json\/wp\/v2\/types\/page"}],"author":[{"embeddable":true,"href":"https:\/\/socialmonk.net\/fr\/wp-json\/wp\/v2\/users\/1"}],"replies":[{"embeddable":true,"href":"https:\/\/socialmonk.net\/fr\/wp-json\/wp\/v2\/comments?post=2240"}],"version-history":[{"count":4,"href":"https:\/\/socialmonk.net\/fr\/wp-json\/wp\/v2\/pages\/2240\/revisions"}],"predecessor-version":[{"id":5096,"href":"https:\/\/socialmonk.net\/fr\/wp-json\/wp\/v2\/pages\/2240\/revisions\/5096"}],"wp:attachment":[{"href":"https:\/\/socialmonk.net\/fr\/wp-json\/wp\/v2\/media?parent=2240"}],"curies":[{"name":"wp","href":"https:\/\/api.w.org\/{rel}","templated":true}]}}